{"id":4167,"date":"2021-10-02T21:09:18","date_gmt":"2021-10-02T19:09:18","guid":{"rendered":"https:\/\/side-ways.net\/blog\/?page_id=4167"},"modified":"2021-10-16T13:03:26","modified_gmt":"2021-10-16T11:03:26","slug":"le-livre-et-le-dvd-des-episodes","status":"publish","type":"page","link":"https:\/\/side-ways.net\/blog\/le-livre-et-le-dvd-des-episodes\/","title":{"rendered":"Le livre et le DVD des \u00e9pisodes"},"content":{"rendered":"\n<div class=\"wp-block-cover alignfull has-nv-light-bg-background-color has-background-dim\" style=\"min-height:100px;aspect-ratio:unset;\"><div class=\"wp-block-cover__inner-container is-layout-flow wp-block-cover-is-layout-flow\">\n<div style=\"height:100px\" aria-hidden=\"true\" class=\"wp-block-spacer\"><\/div>\n\n\n\n<h1 class=\"has-text-align-center has-nv-dark-bg-color has-text-color wp-block-heading\">Le livre et le DVD <\/h1>\n\n\n\n<p class=\"has-text-align-center has-nv-dark-bg-color has-text-color has-normal-font-size\"><em>Pour d\u00e9couvrir, red\u00e9couvrir et partager les \u00e9pisodes  <\/em><\/p>\n\n\n\n<section class=\"wp-block-uagb-columns uagb-columns__wrap uagb-columns__background-undefined uagb-columns__stack-mobile uagb-columns__valign-undefined uagb-columns__gap-10 alignundefined uagb-block-483d2694\"><div class=\"uagb-columns__overlay\"><\/div><div class=\"uagb-columns__inner-wrap uagb-columns__columns-2\">\n<div class=\"wp-block-uagb-column uagb-column__wrap uagb-column__background-undefined uagb-block-9bd4812b\"><div class=\"uagb-column__overlay\"><\/div><div class=\"uagb-column__inner-wrap\">\n<figure class=\"wp-block-image size-full\"><a href=\"https:\/\/side-ways.net\/blog\/livre\/\"><img loading=\"lazy\" decoding=\"async\" width=\"794\" height=\"794\" src=\"https:\/\/side-ways.net\/blog\/wp-content\/uploads\/2021\/10\/SIDE7994_01-edited.jpg\" alt=\"\" class=\"wp-image-4125\" srcset=\"https:\/\/side-ways.net\/blog\/wp-content\/uploads\/2021\/10\/SIDE7994_01-edited.jpg 794w, https:\/\/side-ways.net\/blog\/wp-content\/uploads\/2021\/10\/SIDE7994_01-edited-300x300.jpg 300w, https:\/\/side-ways.net\/blog\/wp-content\/uploads\/2021\/10\/SIDE7994_01-edited-150x150.jpg 150w, https:\/\/side-ways.net\/blog\/wp-content\/uploads\/2021\/10\/SIDE7994_01-edited-768x768.jpg 768w, https:\/\/side-ways.net\/blog\/wp-content\/uploads\/2021\/10\/SIDE7994_01-edited-600x600.jpg 600w\" sizes=\"auto, (max-width: 794px) 100vw, 794px\" \/><\/a><\/figure>\n<\/div><\/div>\n\n\n\n<div class=\"wp-block-uagb-column uagb-column__wrap uagb-column__background-undefined uagb-block-3d64968a\"><div class=\"uagb-column__overlay\"><\/div><div class=\"uagb-column__inner-wrap\">\n<figure class=\"wp-block-image size-full\"><a href=\"https:\/\/side-ways.net\/blog\/le-dvd-un-autre-monde-existe\/\"><img loading=\"lazy\" decoding=\"async\" width=\"759\" height=\"759\" src=\"https:\/\/side-ways.net\/blog\/wp-content\/uploads\/2021\/10\/SIDE7998_01-edited-1.jpg\" alt=\"\" class=\"wp-image-4170\" srcset=\"https:\/\/side-ways.net\/blog\/wp-content\/uploads\/2021\/10\/SIDE7998_01-edited-1.jpg 759w, https:\/\/side-ways.net\/blog\/wp-content\/uploads\/2021\/10\/SIDE7998_01-edited-1-300x300.jpg 300w, https:\/\/side-ways.net\/blog\/wp-content\/uploads\/2021\/10\/SIDE7998_01-edited-1-150x150.jpg 150w, https:\/\/side-ways.net\/blog\/wp-content\/uploads\/2021\/10\/SIDE7998_01-edited-1-600x600.jpg 600w\" sizes=\"auto, (max-width: 759px) 100vw, 759px\" \/><\/a><\/figure>\n<\/div><\/div>\n<\/div><\/section>\n\n\n\n<section class=\"wp-block-uagb-columns uagb-columns__wrap uagb-columns__background-undefined uagb-columns__stack-mobile uagb-columns__valign-undefined uagb-columns__gap-10 alignundefined uagb-block-8d4f129d\"><div class=\"uagb-columns__overlay\"><\/div><div class=\"uagb-columns__inner-wrap uagb-columns__columns-3\">\n<div class=\"wp-block-uagb-column uagb-column__wrap uagb-column__background-undefined uagb-block-dc76510f\"><div class=\"uagb-column__overlay\"><\/div><div class=\"uagb-column__inner-wrap\"><\/div><\/div>\n\n\n\n<div class=\"wp-block-uagb-column uagb-column__wrap uagb-column__background-undefined uagb-block-fe8a50f6\"><div class=\"uagb-column__overlay\"><\/div><div class=\"uagb-column__inner-wrap\">\n<p class=\"has-nv-dark-bg-color has-text-color\">SideWays, la webs\u00e9rie itin\u00e9rante, ce sont des \u00e9pisodes multim\u00e9dias, alliant des films courts, des textes et des photos, le tout graphiquement soign\u00e9 et disponible en ligne. Tr\u00e8s vite, nous avons eu envie de partager notre travail \u00e9galement \u00e0 travers des supports physiques. C&rsquo;est ainsi que l&rsquo;on a cr\u00e9e notre premier DVD en 2015, en partenariat avec On passe \u00e0 l&rsquo;acte. En 2018, nous avons sorti un nouveau DVD qui contient l&rsquo;int\u00e9gralit\u00e9 des \u00e9pisodes de la s\u00e9rie documentaire. Apr\u00e8s plusieurs \u00e9ditions, il est compl\u00e9t\u00e9 de plusieurs \u00ab\u00a0bonus\u00a0\u00bb, issus des autres films que nous avons r\u00e9alis\u00e9 en parall\u00e8le.<\/p>\n\n\n\n<div class=\"wp-block-group has-nv-dark-bg-color has-text-color\"><div class=\"wp-block-group__inner-container is-layout-flow wp-block-group-is-layout-flow\">\n<p>2021, marque une nouvelle \u00e9tape avec la publication d&rsquo;un livre tr\u00e8s largement illustr\u00e9 en partenariat avec les \u00e9ditions Ulmer.<\/p>\n\n\n\n<p>Fid\u00e8le \u00e0 notre philosophie, tout le contenu du livre comme du DVD est librement accessible en ligne. Mais vous pouvez aussi les d\u00e9couvrir en commandant l&rsquo;un ou l&rsquo;autre.<\/p>\n\n\n\n<p><strong>Pour en savoir plus<\/strong> :<\/p>\n\n\n\n<div class=\"wp-block-uagb-buttons uagb-buttons__outer-wrap uagb-block-658d5210\"><div class=\"uagb-buttons__wrap uagb-buttons-layout-wrap\">\n<div class=\"wp-block-uagb-buttons-child uagb-buttons__outer-wrap uagb-block-aff8a414\"><div class=\"uagb-button__wrapper\"><a class=\"uagb-buttons-repeater\" href=\"https:\/\/side-ways.net\/blog\/livre\/\" rel=\"noopener noreferrer\" target=\"_self\"><div class=\"uagb-button__link\">Le livre<\/div><\/a><\/div><\/div>\n\n\n\n<div class=\"wp-block-uagb-buttons-child uagb-buttons__outer-wrap uagb-block-7da7c640\"><div class=\"uagb-button__wrapper\"><a class=\"uagb-buttons-repeater\" href=\"https:\/\/side-ways.net\/blog\/le-dvd-un-autre-monde-existe\/\" rel=\"noopener noreferrer\" target=\"_self\"><div class=\"uagb-button__link\">Le DVD<\/div><\/a><\/div><\/div>\n<\/div><\/div>\n<\/div><\/div>\n<\/div><\/div>\n\n\n\n<div class=\"wp-block-uagb-column uagb-column__wrap uagb-column__background-undefined uagb-block-3e1a1ca2\"><div class=\"uagb-column__overlay\"><\/div><div class=\"uagb-column__inner-wrap\"><\/div><\/div>\n<\/div><\/section>\n\n\n\n<div style=\"height:40px\" aria-hidden=\"true\" class=\"wp-block-spacer\"><\/div>\n<\/div><\/div>\n","protected":false},"excerpt":{"rendered":"","protected":false},"author":1,"featured_media":0,"parent":0,"menu_order":0,"comment_status":"closed","ping_status":"closed","template":"","meta":{"_uag_custom_page_level_css":"","neve_meta_sidebar":"","neve_meta_container":"full-width","neve_meta_enable_content_width":"on","neve_meta_content_width":60,"neve_meta_title_alignment":"","neve_meta_author_avatar":"","neve_post_elements_order":"","neve_meta_disable_header":"","neve_meta_disable_footer":"","neve_meta_disable_title":"on","jetpack_post_was_ever_published":false,"footnotes":""},"class_list":["post-4167","page","type-page","status-publish","hentry"],"uagb_featured_image_src":{"full":false,"thumbnail":false,"medium":false,"medium_large":false,"large":false,"1536x1536":false,"2048x2048":false,"neve-blog":false,"mailpoet_newsletter_max":false},"uagb_author_info":{"display_name":"SideWays, la webs\u00e9rie itin\u00e9rante","author_link":"https:\/\/side-ways.net\/blog\/author\/blog_sw\/"},"uagb_comment_info":0,"uagb_excerpt":null,"jetpack_sharing_enabled":true,"jetpack_shortlink":"https:\/\/wp.me\/P8l8Aa-15d","jetpack-related-posts":[{"id":4157,"url":"https:\/\/side-ways.net\/blog\/le-dvd-un-autre-monde-existe\/","url_meta":{"origin":4167,"position":0},"title":"Le DVD \u00ab\u00a0Un autre monde existe !\u00a0\u00bb","author":"SideWays, la webs\u00e9rie itin\u00e9rante","date":"2 octobre 2021","format":false,"excerpt":"Pr\u00e9sentation Tous les \u00e9pisodes de la s\u00e9rie sont r\u00e9unis sur un seul et m\u00eame support pour d\u00e9couvrir & faire d\u00e9couvrir d\u2019autres mani\u00e8res de penser le travail, d\u2019agir collectivement et de vivre (ses r\u00eaves) ! Le boulanger qui a r\u00e9invent\u00e9 son m\u00e9tier, un berger en proche banlieue parisienne, une \u00e9picerie sans\u2026","rel":"","context":"Article similaire","block_context":{"text":"Article similaire","link":""},"img":{"alt_text":"","src":"https:\/\/i0.wp.com\/side-ways.net\/blog\/wp-content\/uploads\/2019\/10\/DVDv4-scaled.jpg?resize=350%2C200&ssl=1","width":350,"height":200,"srcset":"https:\/\/i0.wp.com\/side-ways.net\/blog\/wp-content\/uploads\/2019\/10\/DVDv4-scaled.jpg?resize=350%2C200&ssl=1 1x, https:\/\/i0.wp.com\/side-ways.net\/blog\/wp-content\/uploads\/2019\/10\/DVDv4-scaled.jpg?resize=525%2C300&ssl=1 1.5x, https:\/\/i0.wp.com\/side-ways.net\/blog\/wp-content\/uploads\/2019\/10\/DVDv4-scaled.jpg?resize=700%2C400&ssl=1 2x, https:\/\/i0.wp.com\/side-ways.net\/blog\/wp-content\/uploads\/2019\/10\/DVDv4-scaled.jpg?resize=1050%2C600&ssl=1 3x, https:\/\/i0.wp.com\/side-ways.net\/blog\/wp-content\/uploads\/2019\/10\/DVDv4-scaled.jpg?resize=1400%2C800&ssl=1 4x"},"classes":[]},{"id":3869,"url":"https:\/\/side-ways.net\/blog\/livre\/","url_meta":{"origin":4167,"position":1},"title":"\u00ab\u00a0Enqu\u00eate d&rsquo;un autre monde\u00a0\u00bb, le livre !","author":"SideWays, la webs\u00e9rie itin\u00e9rante","date":"14 septembre 2021","format":false,"excerpt":"\"Enqu\u00eate d'un autre monde\", le livre ! Pr\u00e9sentation du livre Pendant 6 ans, H\u00e9l\u00e8ne et Benoit ont sillonn\u00e9 les routes et se sont rendu compte que les alternatives foisonnent. Chaque chapitre est une rencontre avec des personnes qui mettent en accord leurs actions et leurs valeurs. Leur fa\u00e7on de s'engager\u2026","rel":"","context":"Article similaire","block_context":{"text":"Article similaire","link":""},"img":{"alt_text":"","src":"https:\/\/i0.wp.com\/side-ways.net\/blog\/wp-content\/uploads\/2021\/09\/couv-enquete-autre-monde.png?resize=350%2C200&ssl=1","width":350,"height":200,"srcset":"https:\/\/i0.wp.com\/side-ways.net\/blog\/wp-content\/uploads\/2021\/09\/couv-enquete-autre-monde.png?resize=350%2C200&ssl=1 1x, https:\/\/i0.wp.com\/side-ways.net\/blog\/wp-content\/uploads\/2021\/09\/couv-enquete-autre-monde.png?resize=525%2C300&ssl=1 1.5x, https:\/\/i0.wp.com\/side-ways.net\/blog\/wp-content\/uploads\/2021\/09\/couv-enquete-autre-monde.png?resize=700%2C400&ssl=1 2x"},"classes":[]},{"id":4119,"url":"https:\/\/side-ways.net\/blog\/complements-du-livre\/","url_meta":{"origin":4167,"position":2},"title":"Compl\u00e9ments du livre","author":"SideWays, la webs\u00e9rie itin\u00e9rante","date":"5 octobre 2021","format":false,"excerpt":"Compl\u00e9ments du livre Vous avez d\u00e9couvert le livre \"Enqu\u00eate d'un autre monde !\" et vous avez envie d'en savoir plus ? Nous esp\u00e9rons r\u00e9pondre \u00e0 tous vos questionnements ! Si ce n'est pas le cas, n'h\u00e9sitez pas \u00e0 nous envoyer un mail : info@side-ways.net Les films courts qui compl\u00e8tent les\u2026","rel":"","context":"Article similaire","block_context":{"text":"Article similaire","link":""},"img":{"alt_text":"","src":"https:\/\/i0.wp.com\/side-ways.net\/blog\/wp-content\/uploads\/2021\/10\/reporters-troubadours_960px.png?resize=350%2C200&ssl=1","width":350,"height":200,"srcset":"https:\/\/i0.wp.com\/side-ways.net\/blog\/wp-content\/uploads\/2021\/10\/reporters-troubadours_960px.png?resize=350%2C200&ssl=1 1x, https:\/\/i0.wp.com\/side-ways.net\/blog\/wp-content\/uploads\/2021\/10\/reporters-troubadours_960px.png?resize=525%2C300&ssl=1 1.5x, https:\/\/i0.wp.com\/side-ways.net\/blog\/wp-content\/uploads\/2021\/10\/reporters-troubadours_960px.png?resize=700%2C400&ssl=1 2x"},"classes":[]},{"id":3883,"url":"https:\/\/side-ways.net\/blog\/","url_meta":{"origin":4167,"position":3},"title":"Accueil","author":"SideWays, la webs\u00e9rie itin\u00e9rante","date":"13 septembre 2021","format":false,"excerpt":"\"Enqu\u00eate d'un autre monde\"Le livre de la s\u00e9rie ! Les \u00e9pisodes r\u00e9unis avec un chapitre qui parle de notre histoire.192 pages, largement illustr\u00e9es, publi\u00e9es avec les \u00e9ditions Ulmer. Vous avez d\u00e9j\u00e0 lu le livre ? Vous cherchez les compl\u00e9ments ? Plus sur le livre Lire les compl\u00e9ments La s\u00e9rie documentaire\u2026","rel":"","context":"Article similaire","block_context":{"text":"Article similaire","link":""},"img":{"alt_text":"","src":"https:\/\/i0.wp.com\/side-ways.net\/blog\/wp-content\/uploads\/2021\/09\/Capture-de%CC%81cran-2017-03-25-a%CC%80-11.25.45-edited.png?resize=350%2C200&ssl=1","width":350,"height":200,"srcset":"https:\/\/i0.wp.com\/side-ways.net\/blog\/wp-content\/uploads\/2021\/09\/Capture-de%CC%81cran-2017-03-25-a%CC%80-11.25.45-edited.png?resize=350%2C200&ssl=1 1x, https:\/\/i0.wp.com\/side-ways.net\/blog\/wp-content\/uploads\/2021\/09\/Capture-de%CC%81cran-2017-03-25-a%CC%80-11.25.45-edited.png?resize=525%2C300&ssl=1 1.5x, https:\/\/i0.wp.com\/side-ways.net\/blog\/wp-content\/uploads\/2021\/09\/Capture-de%CC%81cran-2017-03-25-a%CC%80-11.25.45-edited.png?resize=700%2C400&ssl=1 2x, https:\/\/i0.wp.com\/side-ways.net\/blog\/wp-content\/uploads\/2021\/09\/Capture-de%CC%81cran-2017-03-25-a%CC%80-11.25.45-edited.png?resize=1050%2C600&ssl=1 3x, https:\/\/i0.wp.com\/side-ways.net\/blog\/wp-content\/uploads\/2021\/09\/Capture-de%CC%81cran-2017-03-25-a%CC%80-11.25.45-edited.png?resize=1400%2C800&ssl=1 4x"},"classes":[]},{"id":4987,"url":"https:\/\/side-ways.net\/blog\/camion-amenage\/","url_meta":{"origin":4167,"position":4},"title":"Vivre en camion am\u00e9nag\u00e9. Libert\u00e9s ! (et contraintes)","author":"SideWays, la webs\u00e9rie itin\u00e9rante","date":"1 d\u00e9cembre 2021","format":false,"excerpt":"Libert\u00e9s !(et contraintes) Vivre en camion am\u00e9nag\u00e9 2013. Cela semble il y a une \u00e9ternit\u00e9 maintenant. A l'\u00e9poque, je n'aurais jamais imagin\u00e9 que 8 ans plus tard, je serais toujours dans le m\u00eame fourgon, toujours sur les routes, toujours \u00e0 kiffer la vie nomade. La vie nomade. Bouger, au gr\u00e9\u2026","rel":"","context":"Article similaire","block_context":{"text":"Article similaire","link":""},"img":{"alt_text":"","src":"https:\/\/i0.wp.com\/side-ways.net\/blog\/wp-content\/uploads\/2021\/12\/vidagne-sur-un-parking2-edited.jpg?resize=350%2C200&ssl=1","width":350,"height":200,"srcset":"https:\/\/i0.wp.com\/side-ways.net\/blog\/wp-content\/uploads\/2021\/12\/vidagne-sur-un-parking2-edited.jpg?resize=350%2C200&ssl=1 1x, https:\/\/i0.wp.com\/side-ways.net\/blog\/wp-content\/uploads\/2021\/12\/vidagne-sur-un-parking2-edited.jpg?resize=525%2C300&ssl=1 1.5x, https:\/\/i0.wp.com\/side-ways.net\/blog\/wp-content\/uploads\/2021\/12\/vidagne-sur-un-parking2-edited.jpg?resize=700%2C400&ssl=1 2x"},"classes":[]},{"id":2,"url":"https:\/\/side-ways.net\/blog\/qui-sommes-nous\/","url_meta":{"origin":4167,"position":5},"title":"Qu&rsquo;est-ce que SideWays ?","author":"SideWays, la webs\u00e9rie itin\u00e9rante","date":"27 janvier 2017","format":false,"excerpt":"Depuis 2013, nous vivons en fourgon am\u00e9nag\u00e9 sur les routes de France et d'Europe \u00e0 la rencontre de celles et ceux qui inventent leurs vies loin des voies toutes trac\u00e9es. Quand une rencontre nous impacte, nous r\u00e9alisons un film court accompagn\u00e9 d'un article long format, le tout librement accessible en\u2026","rel":"","context":"Avec 1 commentaire","block_context":{"text":"Avec 1 commentaire","link":"https:\/\/side-ways.net\/blog\/qui-sommes-nous\/#comments"},"img":{"alt_text":"","src":"https:\/\/i0.wp.com\/side-ways.net\/blog\/wp-content\/uploads\/2021\/11\/B6.jpg?resize=350%2C200&ssl=1","width":350,"height":200,"srcset":"https:\/\/i0.wp.com\/side-ways.net\/blog\/wp-content\/uploads\/2021\/11\/B6.jpg?resize=350%2C200&ssl=1 1x, https:\/\/i0.wp.com\/side-ways.net\/blog\/wp-content\/uploads\/2021\/11\/B6.jpg?resize=525%2C300&ssl=1 1.5x, https:\/\/i0.wp.com\/side-ways.net\/blog\/wp-content\/uploads\/2021\/11\/B6.jpg?resize=700%2C400&ssl=1 2x, https:\/\/i0.wp.com\/side-ways.net\/blog\/wp-content\/uploads\/2021\/11\/B6.jpg?resize=1050%2C600&ssl=1 3x, https:\/\/i0.wp.com\/side-ways.net\/blog\/wp-content\/uploads\/2021\/11\/B6.jpg?resize=1400%2C800&ssl=1 4x"},"classes":[]}],"_links":{"self":[{"href":"https:\/\/side-ways.net\/blog\/wp-json\/wp\/v2\/pages\/4167","targetHints":{"allow":["GET"]}}],"collection":[{"href":"https:\/\/side-ways.net\/blog\/wp-json\/wp\/v2\/pages"}],"about":[{"href":"https:\/\/side-ways.net\/blog\/wp-json\/wp\/v2\/types\/page"}],"author":[{"embeddable":true,"href":"https:\/\/side-ways.net\/blog\/wp-json\/wp\/v2\/users\/1"}],"replies":[{"embeddable":true,"href":"https:\/\/side-ways.net\/blog\/wp-json\/wp\/v2\/comments?post=4167"}],"version-history":[{"count":9,"href":"https:\/\/side-ways.net\/blog\/wp-json\/wp\/v2\/pages\/4167\/revisions"}],"predecessor-version":[{"id":4667,"href":"https:\/\/side-ways.net\/blog\/wp-json\/wp\/v2\/pages\/4167\/revisions\/4667"}],"wp:attachment":[{"href":"https:\/\/side-ways.net\/blog\/wp-json\/wp\/v2\/media?parent=4167"}],"curies":[{"name":"wp","href":"https:\/\/api.w.org\/{rel}","templated":true}]}}